{"id":3790,"date":"2025-12-19T11:36:45","date_gmt":"2025-12-19T10:36:45","guid":{"rendered":"https:\/\/uv-c.tech\/?page_id=3790"},"modified":"2026-01-14T22:14:28","modified_gmt":"2026-01-14T21:14:28","slug":"areas-of-applications","status":"publish","type":"page","link":"https:\/\/uv-c.tech\/de\/areas-of-applications\/","title":{"rendered":"Areas of Applications"},"content":{"rendered":"<p><div class=\"fusion-fullwidth fullwidth-box fusion-builder-row-1 fusion-flex-container nonhundred-percent-fullwidth non-hundred-percent-height-scrolling\" style=\"--awb-border-sizes-top:0px;--awb-border-sizes-bottom:0px;--awb-border-sizes-left:0px;--awb-border-sizes-right:0px;--awb-border-radius-top-left:10px;--awb-border-radius-top-right:10px;--awb-border-radius-bottom-right:10px;--awb-border-radius-bottom-left:10px;--awb-overflow:hidden;--awb-padding-top:2%;--awb-padding-right:30px;--awb-padding-bottom:2%;--awb-padding-left:30px;--awb-padding-right-medium:60px;--awb-padding-left-medium:60px;--awb-padding-top-small:90px;--awb-padding-right-small:90px;--awb-padding-bottom-small:90px;--awb-padding-left-small:90px;--awb-margin-top:0px;--awb-margin-bottom:15px;--awb-background-color:#ffffff;--awb-flex-wrap:wrap;\" ><div class=\"fusion-builder-row fusion-row fusion-flex-align-items-center fusion-flex-justify-content-center fusion-flex-content-wrap\" style=\"max-width:1497.6px;margin-left: calc(-4% \/ 2 );margin-right: calc(-4% \/ 2 );\"><div class=\"fusion-layout-column fusion_builder_column fusion-builder-column-0 fusion_builder_column_1_2 1_2 fusion-flex-column fusion-animated\" style=\"--awb-padding-right:23px;--awb-bg-size:cover;--awb-width-large:50%;--awb-margin-top-large:0px;--awb-spacing-right-large:7.68%;--awb-margin-bottom-large:0px;--awb-spacing-left-large:7.68%;--awb-width-medium:50%;--awb-order-medium:0;--awb-spacing-right-medium:7.68%;--awb-spacing-left-medium:7.68%;--awb-width-small:100%;--awb-order-small:0;--awb-spacing-right-small:1.92%;--awb-spacing-left-small:1.92%;\" data-animationtype=\"fadeInLeft\" data-animationduration=\"1.6\" data-animationoffset=\"top-into-view\"><div class=\"fusion-column-wrapper fusion-column-has-shadow fusion-flex-justify-content-flex-start fusion-content-layout-row\"><div class=\"awb-circles-info has-bg-color has-bg-image bg-image-blend-mode-multiply fusion-animated\" style=\"--awb-icon-circle-size:2px;--awb-content-padding:55px;--awb-icon-size:30px;--awb-icon-bg-color:var(--awb-custom_color_1);--awb-icon-border-color:#ffffff;--awb-icon-bg-active-color:var(--awb-color5);--awb-box-shadow-blur:1px;--awb-title-hover-color:#ffffff;--awb-background-color:rgba(155,155,155,0.5);--awb-margin-top:10px;--awb-margin-right:10px;--awb-margin-bottom:10px;--awb-gradient-start-position:0%;--awb-gradient-end-position:100%;--awb-linear-angle:180deg;--awb-radial-direction:circle at center center;--awb-background-image:url(&quot;https:\/\/uv-c.tech\/wp-content\/uploads\/2025\/03\/iStock-922708304-scaled.jpg&quot;);--awb-background-blend-mode:multiply;--awb-content-circle-border-style:dashed;\" data-auto-rotation=\"yes\" data-auto-rotation-time=\"2000\" data-pause-on-hover=\"yes\" data-activation-type=\"mouseover\" data-animationtype=\"zoomInLeft\" data-animationduration=\"0.3\" data-animationoffset=\"top-into-view\"><div class=\"awb-circles-info-wrapper\"><div class=\"awb-circles-info-icons-wrapper\"><div class=\"awb-circles-info-tab-link\" data-id=\"1\"><span><i class=\"icon-airport_shuttle\"><\/i><\/span><\/div><div class=\"awb-circles-info-tab-link\" data-id=\"2\"><span><i class=\"icon-wb_shade\"><\/i><\/span><\/div><div class=\"awb-circles-info-tab-link\" data-id=\"3\"><span><i class=\"icon-location_city\"><\/i><\/span><\/div><div class=\"awb-circles-info-tab-link\" data-id=\"4\"><span><i class=\"icon-local_drink\"><\/i><\/span><\/div><div class=\"awb-circles-info-tab-link\" data-id=\"5\"><span><i class=\"icon-directions_subway\"><\/i><\/span><\/div><div class=\"awb-circles-info-tab-link\" data-id=\"6\"><span><i class=\"icon-local_drink\"><\/i><\/span><\/div><\/div><div class=\"awb-circles-info-content-wrapper\"><div class=\"awb-circle-info awb-circles-info-content-area awb-circle-info-1 has-bg-image bg-image-blend-mode-\" data-id=\"1\" style=\"--awb-title-font-size:50px;--awb-title-color:#ffffff;--awb-background-image:url(&quot;https:\/\/uv-c.tech\/wp-content\/uploads\/2025\/03\/AdobeStock_929990055-1-scaled.jpeg&quot;);\"><div class=\"awb-circles-info-title\">Mobil<\/div><\/div><div class=\"awb-circle-info awb-circles-info-content-area awb-circle-info-2 has-bg-image bg-image-blend-mode-\" data-id=\"2\" style=\"--awb-title-font-size:50px;--awb-title-color:#ffffff;--awb-background-image:url(&quot;https:\/\/uv-c.tech\/wp-content\/uploads\/2025\/03\/AdobeStock_210636675-1-scaled.jpeg&quot;);\"><div class=\"awb-circles-info-title\">Station\u00e4r<\/div><\/div><div class=\"awb-circle-info awb-circles-info-content-area awb-circle-info-3 has-bg-image bg-image-blend-mode-\" data-id=\"3\" style=\"--awb-title-font-size:50px;--awb-title-color:#ffffff;--awb-background-image:url(&quot;https:\/\/uv-c.tech\/wp-content\/uploads\/2025\/03\/AdobeStock_762369729-1-scaled.jpeg&quot;);\"><div class=\"awb-circles-info-title\">POE<\/div><\/div><div class=\"awb-circle-info awb-circles-info-content-area awb-circle-info-4 has-bg-image bg-image-blend-mode-\" data-id=\"4\" style=\"--awb-title-font-size:50px;--awb-title-color:#ffffff;--awb-background-image:url(&quot;https:\/\/uv-c.tech\/wp-content\/uploads\/2025\/03\/iStock-922708304-scaled.jpg&quot;);\"><div class=\"awb-circles-info-title\">POU<\/div><\/div><div class=\"awb-circle-info awb-circles-info-content-area awb-circle-info-5 has-bg-image bg-image-blend-mode-\" data-id=\"5\" style=\"--awb-title-font-size:50px;--awb-title-color:#ffffff;--awb-background-image:url(&quot;https:\/\/uv-c.tech\/wp-content\/uploads\/2025\/03\/AdobeStock_505017721-1-1200x800.jpeg&quot;);\"><div class=\"awb-circles-info-title\">Transport &amp; Personenverkehr<\/div><\/div><div class=\"awb-circle-info awb-circles-info-content-area awb-circle-info-6 has-bg-image bg-image-blend-mode-\" data-id=\"6\" style=\"--awb-title-font-size:50px;--awb-title-color:#ffffff;--awb-background-image:url(&quot;https:\/\/uv-c.tech\/wp-content\/uploads\/2025\/03\/iStock-501298129.jpg&quot;);\"><div class=\"awb-circles-info-title\">Lebensmittel &amp; Getr\u00e4nke<\/div><\/div><\/div><\/div><\/div><\/div><\/div><div class=\"fusion-layout-column fusion_builder_column fusion-builder-column-1 fusion_builder_column_1_2 1_2 fusion-flex-column fusion-animated\" style=\"--awb-padding-right-medium:54px;--awb-bg-size:cover;--awb-width-large:50%;--awb-margin-top-large:0px;--awb-spacing-right-large:19.2%;--awb-margin-bottom-large:0px;--awb-spacing-left-large:3.84%;--awb-width-medium:50%;--awb-spacing-right-medium:0%;--awb-spacing-left-medium:7.68%;--awb-width-small:100%;--awb-order-small:0;--awb-spacing-right-small:1.92%;--awb-margin-bottom-small:34px;--awb-spacing-left-small:1.92%;\" data-animationtype=\"fadeInRight\" data-animationduration=\"1.6\" data-animationoffset=\"top-into-view\"><div class=\"fusion-column-wrapper fusion-column-has-shadow fusion-flex-justify-content-flex-start fusion-content-layout-column\"><div class=\"fusion-title title fusion-title-1 fusion-sep-none fusion-title-text fusion-title-size-two\" style=\"--awb-text-color:#000000;--awb-margin-top:10px;--awb-margin-right:0px;--awb-margin-bottom:15px;--awb-margin-left:0px;--awb-margin-top-small:10px;--awb-margin-right-small:0px;--awb-margin-bottom-small:10px;--awb-margin-left-small:0px;\"><h2 class=\"fusion-title-heading title-heading-left fusion-responsive-typography-calculated\" style=\"margin:0;--fontSize:55;line-height:1;\">Sauberes Wasser ist keine Frage des Ortes, sondern der richtigen Technologie.<\/h2><\/div><div class=\"fusion-text fusion-text-1 fusion-text-no-margin\" style=\"--awb-font-size:var(--awb-typography4-font-size);--awb-line-height:var(--awb-typography4-line-height);--awb-letter-spacing:var(--awb-typography4-letter-spacing);--awb-text-transform:var(--awb-typography4-text-transform);--awb-text-color:hsla(var(--awb-color1-h),var(--awb-color1-s),var(--awb-color1-l),calc(var(--awb-color1-a) - 20%));--awb-margin-top:40px;--awb-margin-bottom:40px;--awb-text-font-family:var(--awb-typography4-font-family);--awb-text-font-weight:var(--awb-typography4-font-weight);--awb-text-font-style:var(--awb-typography4-font-style);\"><div><span style=\"color: #000000;\">Mit UV-C LED-Desinfektionseinheiten von WM aquatec erhalten sie einen zuverl\u00e4ssigen, chemiefreien Schutz vor Keimen \u2013 sofort wirksam, energiesparend im Betrieb und ohne Quecksilber. Ob unterwegs im Caravan, an Bord einer Yacht, direkt am Zapfpunkt zuhause oder als Point-of-Entry-L\u00f6sung f\u00fcr Geb\u00e4ude und Industrie: Unsere Systeme liefern die n\u00f6tige Dosis UV-C Strahlung genau dann, wenn sie gebraucht wird \u2013 pr\u00e4zise gesteuert, energiesparend und langlebig.<\/span><\/div>\n<\/div><\/div><\/div><\/div><\/div><div class=\"fusion-fullwidth fullwidth-box fusion-builder-row-2 fusion-flex-container nonhundred-percent-fullwidth non-hundred-percent-height-scrolling\" style=\"--awb-border-sizes-top:0px;--awb-border-sizes-bottom:0px;--awb-border-sizes-left:0px;--awb-border-sizes-right:0px;--awb-border-radius-top-left:10px;--awb-border-radius-top-right:10px;--awb-border-radius-bottom-right:10px;--awb-border-radius-bottom-left:10px;--awb-overflow:hidden;--awb-padding-top:2%;--awb-padding-right:30px;--awb-padding-bottom:2%;--awb-padding-left:30px;--awb-padding-right-medium:60px;--awb-padding-left-medium:60px;--awb-padding-top-small:90px;--awb-padding-right-small:90px;--awb-padding-bottom-small:90px;--awb-padding-left-small:90px;--awb-margin-top:0px;--awb-margin-bottom:0px;--awb-background-color:#ffffff;--awb-flex-wrap:wrap;\" ><div class=\"fusion-builder-row fusion-row fusion-flex-align-items-center fusion-flex-content-wrap\" style=\"max-width:1497.6px;margin-left: calc(-4% \/ 2 );margin-right: calc(-4% \/ 2 );\"><div class=\"fusion-layout-column fusion_builder_column fusion-builder-column-2 fusion_builder_column_1_2 1_2 fusion-flex-column fusion-animated\" style=\"--awb-padding-right-medium:54px;--awb-bg-size:cover;--awb-width-large:50%;--awb-margin-top-large:0px;--awb-spacing-right-large:19.2%;--awb-margin-bottom-large:0px;--awb-spacing-left-large:3.84%;--awb-width-medium:50%;--awb-spacing-right-medium:0%;--awb-spacing-left-medium:7.68%;--awb-width-small:100%;--awb-order-small:0;--awb-spacing-right-small:1.92%;--awb-margin-bottom-small:34px;--awb-spacing-left-small:1.92%;\" data-animationtype=\"fadeInRight\" data-animationduration=\"1.6\" data-animationoffset=\"top-into-view\"><div class=\"fusion-column-wrapper fusion-column-has-shadow fusion-flex-justify-content-flex-start fusion-content-layout-column\"><div class=\"fusion-title title fusion-title-2 fusion-sep-none fusion-title-text fusion-title-size-two\" style=\"--awb-text-color:#000000;--awb-margin-top:10px;--awb-margin-right:0px;--awb-margin-bottom:15px;--awb-margin-left:0px;--awb-margin-top-small:10px;--awb-margin-right-small:0px;--awb-margin-bottom-small:10px;--awb-margin-left-small:0px;\"><h2 class=\"fusion-title-heading title-heading-left fusion-responsive-typography-calculated\" style=\"margin:0;--fontSize:55;line-height:1;\">Passend f\u00fcr Anwendungsbereiche in den verschiedensten Branchen.<\/h2><\/div><div class=\"fusion-text fusion-text-2 fusion-text-no-margin\" style=\"--awb-font-size:var(--awb-typography4-font-size);--awb-line-height:var(--awb-typography4-line-height);--awb-letter-spacing:var(--awb-typography4-letter-spacing);--awb-text-transform:var(--awb-typography4-text-transform);--awb-text-color:hsla(var(--awb-color1-h),var(--awb-color1-s),var(--awb-color1-l),calc(var(--awb-color1-a) - 20%));--awb-margin-top:40px;--awb-margin-bottom:40px;--awb-text-font-family:var(--awb-typography4-font-family);--awb-text-font-weight:var(--awb-typography4-font-weight);--awb-text-font-style:var(--awb-typography4-font-style);\"><p><span style=\"color: #000000;\">Die UV-C-LED-Wasserdesinfektion ist vielseitig einsetzbar, da sie Krankheitserreger wirksam und ohne sch\u00e4dliche Chemikalien inaktiviert und so Geschmack und Geruch des Wassers bewahrt. Dank ihrer kompakten Bauweise l\u00e4sst sie sich flexibel in unterschiedlichste Ger\u00e4te integrieren \u2013 von kleinen Haushaltsger\u00e4ten bis hin zu gro\u00dfen Industrieanlagen. Im Gegensatz zu herk\u00f6mmlichen Quecksilberdampflampen sind UV-C-LEDs umweltfreundlich und sofort einsatzbereit, was den Energieverbrauch bei Anwendungen mit intermittierendem Wasserdurchfluss deutlich reduziert. Dar\u00fcber hinaus ist die Technologie wartungsarm und zeichnet sich durch eine lange Lebensdauer aus, wodurch die Gesamtkosten f\u00fcr Unternehmen sinken.<\/span><\/p>\n<\/div><\/div><\/div><div class=\"fusion-layout-column fusion_builder_column fusion-builder-column-3 fusion_builder_column_1_2 1_2 fusion-flex-column fusion-animated\" style=\"--awb-padding-top:20px;--awb-padding-right:20px;--awb-padding-bottom:20px;--awb-padding-left:20px;--awb-overflow:hidden;--awb-bg-color:var(--awb-color2);--awb-bg-color-hover:var(--awb-color2);--awb-bg-blend:multiply;--awb-bg-size:cover;--awb-border-color:#0c0c0c;--awb-border-style:solid;--awb-border-radius:10px 10px 10px 10px;--awb-width-large:50%;--awb-margin-top-large:10px;--awb-spacing-right-large:7.68%;--awb-margin-bottom-large:10px;--awb-spacing-left-large:2.88%;--awb-width-medium:50%;--awb-order-medium:0;--awb-spacing-right-medium:7.68%;--awb-spacing-left-medium:2.88%;--awb-width-small:100%;--awb-order-small:0;--awb-spacing-right-small:1.92%;--awb-spacing-left-small:1.92%;\" data-animationtype=\"fadeInLeft\" data-animationduration=\"1.6\" data-animationoffset=\"top-into-view\"><div class=\"fusion-column-wrapper fusion-column-has-shadow fusion-flex-justify-content-center fusion-content-layout-column\"><div class=\"accordian fusion-accordian\" style=\"--awb-padding-top:5px;--awb-padding-bottom:5px;--awb-border-size:1px;--awb-icon-size:20px;--awb-content-font-size:17px;--awb-content-letter-spacing:0.010em;--awb-content-text-transform:var(--awb-typography4-text-transform);--awb-content-line-height:1.6;--awb-icon-alignment:right;--awb-hover-color:rgba(255,143,92,0.05);--awb-border-color:rgba(79,134,216,0.2);--awb-background-color:rgba(79,134,216,0.05);--awb-divider-color:var(--awb-color3);--awb-divider-hover-color:#4e85d8;--awb-icon-color:#ffffff;--awb-title-color:#191919;--awb-content-color:var(--awb-color8);--awb-icon-box-color:var(--awb-color5);--awb-toggle-hover-accent-color:#b7b7b7;--awb-toggle-active-accent-color:var(--awb-color4);--awb-title-font-family:&quot;din-2014&quot;;--awb-title-font-weight:600;--awb-title-font-style:normal;--awb-title-font-size:16px;--awb-title-letter-spacing:0.010em;--awb-title-line-height:1.4;--awb-title-text-transform:uppercase;--awb-content-font-family:&quot;din-2014&quot;;--awb-content-font-style:normal;--awb-content-font-weight:400;\"><div class=\"panel-group fusion-toggle-icon-right fusion-toggle-icon-boxed\" id=\"accordion-3790-1\"><div class=\"fusion-panel panel-default panel-61c8707dd8d421710 fusion-toggle-no-divider fusion-toggle-boxed-mode\"><div class=\"panel-heading\"><h4 class=\"panel-title toggle\" id=\"toggle_61c8707dd8d421710\"><a aria-expanded=\"false\" aria-controls=\"61c8707dd8d421710\" role=\"button\" data-toggle=\"collapse\" data-target=\"#61c8707dd8d421710\" href=\"#61c8707dd8d421710\"><span class=\"fusion-toggle-icon-wrapper\" aria-hidden=\"true\"><i class=\"fa-fusion-box active-icon icon-unfold_less\" aria-hidden=\"true\"><\/i><i class=\"fa-fusion-box inactive-icon icon-add\" aria-hidden=\"true\"><\/i><\/span><span class=\"fusion-toggle-heading\">Trinkwasser Point-of-Entry (POE)<\/span><\/a><\/h4><\/div><div id=\"61c8707dd8d421710\" class=\"panel-collapse collapse\" aria-labelledby=\"toggle_61c8707dd8d421710\"><div class=\"panel-body toggle-content fusion-clearfix\">\n<p data-path-to-node=\"2\"><strong>Das Problem:<\/strong> Unsichere Eingangsqualit\u00e4t. Sei es durch Schwankungen beim kommunalen Versorger oder bei der Nutzung eigener Brunnen \u2013 gelangen Keime hier in das System, wird das gesamte Rohrleitungsnetz des Geb\u00e4udes kontaminiert.<\/p>\n<p data-path-to-node=\"3\"><strong>Die L\u00f6sung:<\/strong> Installation leistungsstarker Reaktoren als \u201eT\u00fcrsteher\u201c direkt nach der Wasseruhr oder Pumpe.<\/p>\n<p data-path-to-node=\"4\"><strong>Vorteile:<\/strong> Sicherheit f\u00fcr das gesamte Geb\u00e4udenetz und Schutz vor dem Eintrag von Pathogenen in die Hausinstallation.<\/p>\n<\/div><\/div><\/div><div class=\"fusion-panel panel-default panel-09e0e5cfce2ed2d58 fusion-toggle-no-divider fusion-toggle-boxed-mode\"><div class=\"panel-heading\"><h4 class=\"panel-title toggle\" id=\"toggle_09e0e5cfce2ed2d58\"><a aria-expanded=\"false\" aria-controls=\"09e0e5cfce2ed2d58\" role=\"button\" data-toggle=\"collapse\" data-target=\"#09e0e5cfce2ed2d58\" href=\"#09e0e5cfce2ed2d58\"><span class=\"fusion-toggle-icon-wrapper\" aria-hidden=\"true\"><i class=\"fa-fusion-box active-icon icon-unfold_less\" aria-hidden=\"true\"><\/i><i class=\"fa-fusion-box inactive-icon icon-add\" aria-hidden=\"true\"><\/i><\/span><span class=\"fusion-toggle-heading\">Trinkwasser Point-of-Use (POU)<\/span><\/a><\/h4><\/div><div id=\"09e0e5cfce2ed2d58\" class=\"panel-collapse collapse\" aria-labelledby=\"toggle_09e0e5cfce2ed2d58\"><div class=\"panel-body toggle-content fusion-clearfix\">\n<p data-path-to-node=\"6\"><strong>Das Problem:<\/strong> Retrograde Verkeimung auf den letzten Metern. Selbst wenn das Wasser sauber ins Haus kommt, k\u00f6nnen sich in den Zuleitungen zu den einzelnen Entnahmestellen oder in vorgeschalteten Filtern Bakterien bilden.<\/p>\n<p data-path-to-node=\"7\"><strong>Die L\u00f6sung:<\/strong> Installation einer kompakten UV-C Einheit im Leitungsnetz unmittelbar vor der Armatur (z. B. unter der Sp\u00fcle) oder vor dem Wasserspender-Auslass.<\/p>\n<p data-path-to-node=\"8\"><strong>Vorteile:<\/strong> Effektive \u201eLast Mile Protection\u201c, die sicherstellt, dass das Wasser direkt vor dem Austritt hygienisch einwandfrei ist. Zudem l\u00e4sst sich die UV-C LED Einheit oft einfach nachr\u00fcsten (Retrofit), da die Armatur selbst nicht getauscht werden muss.<\/p>\n<\/div><\/div><\/div><div class=\"fusion-panel panel-default panel-0212059c6956abb32 fusion-toggle-no-divider fusion-toggle-boxed-mode\"><div class=\"panel-heading\"><h4 class=\"panel-title toggle\" id=\"toggle_0212059c6956abb32\"><a aria-expanded=\"false\" aria-controls=\"0212059c6956abb32\" role=\"button\" data-toggle=\"collapse\" data-target=\"#0212059c6956abb32\" href=\"#0212059c6956abb32\"><span class=\"fusion-toggle-icon-wrapper\" aria-hidden=\"true\"><i class=\"fa-fusion-box active-icon icon-unfold_less\" aria-hidden=\"true\"><\/i><i class=\"fa-fusion-box inactive-icon icon-add\" aria-hidden=\"true\"><\/i><\/span><span class=\"fusion-toggle-heading\">Prozess- &amp; Brauchwasser<\/span><\/a><\/h4><\/div><div id=\"0212059c6956abb32\" class=\"panel-collapse collapse\" aria-labelledby=\"toggle_0212059c6956abb32\"><div class=\"panel-body toggle-content fusion-clearfix\">\n<p data-path-to-node=\"10\"><strong>Das Problem:<\/strong> Biofilm-Aufbau in Rohrleitungen und Tanks. Dies f\u00fchrt zu verstopften D\u00fcsen, h\u00e4ufigen Reinigungsintervallen, ungeplanten Produktionsstillst\u00e4nden und korrosionsf\u00f6rdernden Bel\u00e4gen in den Leitungen.<\/p>\n<p data-path-to-node=\"11\"><strong>Die L\u00f6sung:<\/strong> Konstante Bestrahlung verhindert das Wachstum von Biofilmen effektiv und ohne den Einsatz von Chemikalien.<\/p>\n<p data-path-to-node=\"12\"><strong>Vorteile:<\/strong> Signifikante Reduzierung von Wartungsintervallen (CIP) und Schutz teurer Membranen (z. B. bei Umkehrosmose) vor \u201eBiofouling\u201c. Zudem besteht kein Glasbruchrisiko (wichtig f\u00fcr Zertifizierungen wie IFS\/HACCP), da LEDs im Gegensatz zu herk\u00f6mmlichen UV-Lampen sehr robust sind.<\/p>\n<\/div><\/div><\/div><div class=\"fusion-panel panel-default panel-a1c9fa62f12575c4d fusion-toggle-no-divider fusion-toggle-boxed-mode\"><div class=\"panel-heading\"><h4 class=\"panel-title toggle\" id=\"toggle_a1c9fa62f12575c4d\"><a aria-expanded=\"false\" aria-controls=\"a1c9fa62f12575c4d\" role=\"button\" data-toggle=\"collapse\" data-target=\"#a1c9fa62f12575c4d\" href=\"#a1c9fa62f12575c4d\"><span class=\"fusion-toggle-icon-wrapper\" aria-hidden=\"true\"><i class=\"fa-fusion-box active-icon icon-unfold_less\" aria-hidden=\"true\"><\/i><i class=\"fa-fusion-box inactive-icon icon-add\" aria-hidden=\"true\"><\/i><\/span><span class=\"fusion-toggle-heading\">Viehzucht &amp; Aquakultur<\/span><\/a><\/h4><\/div><div id=\"a1c9fa62f12575c4d\" class=\"panel-collapse collapse\" aria-labelledby=\"toggle_a1c9fa62f12575c4d\"><div class=\"panel-body toggle-content fusion-clearfix\">\n<p data-path-to-node=\"14\"><strong>Das Problem:<\/strong> Krankheitsdruck und Antibiotikaeinsatz. Keime im Tr\u00e4nkewasser verbreiten Krankheiten schnell im gesamten Bestand. In der Aquakultur gef\u00e4hrden Bakterien und Viren (z. B. IHN\/VHS) oft den gesamten Zuchtertrag.<\/p>\n<p data-path-to-node=\"15\"><strong>Die L\u00f6sung:<\/strong> Gezielte Inaktivierung von spezifischen fisch- oder tierpathogenen Keimen ohne R\u00fcckst\u00e4nde.<\/p>\n<p data-path-to-node=\"16\"><strong>Vorteile:<\/strong> Senkung der Tierarztkosten und des Antibiotikaverbrauchs, ges\u00fcnderer Bestand und keine Geschmacksbeeintr\u00e4chtigung des Fleisches oder Fisches.<\/p>\n<\/div><\/div><\/div><div class=\"fusion-panel panel-default panel-3a4425233b55c2f04 fusion-toggle-no-divider fusion-toggle-boxed-mode\"><div class=\"panel-heading\"><h4 class=\"panel-title toggle\" id=\"toggle_3a4425233b55c2f04\"><a aria-expanded=\"false\" aria-controls=\"3a4425233b55c2f04\" role=\"button\" data-toggle=\"collapse\" data-target=\"#3a4425233b55c2f04\" href=\"#3a4425233b55c2f04\"><span class=\"fusion-toggle-icon-wrapper\" aria-hidden=\"true\"><i class=\"fa-fusion-box active-icon icon-unfold_less\" aria-hidden=\"true\"><\/i><i class=\"fa-fusion-box inactive-icon icon-add\" aria-hidden=\"true\"><\/i><\/span><span class=\"fusion-toggle-heading\">Lebensmittel &amp; Getr\u00e4nke<\/span><\/a><\/h4><\/div><div id=\"3a4425233b55c2f04\" class=\"panel-collapse collapse\" aria-labelledby=\"toggle_3a4425233b55c2f04\"><div class=\"panel-body toggle-content fusion-clearfix\">\n<p data-path-to-node=\"18\"><strong>Das Problem:<\/strong> Haltbarkeit und Kreuzkontamination. Waschwasser f\u00fcr Salat und Obst oder Mischwasser f\u00fcr Getr\u00e4nke darf keine Keime (Listerien, Salmonellen, Pseudomonas) enthalten. Chemische Desinfektionsmittel erfordern oft ein aufwendiges Nachsp\u00fclen.<\/p>\n<p data-path-to-node=\"19\"><strong>Die L\u00f6sung:<\/strong> \u201eKalte\u201c Desinfektion (keine Hitzesch\u00e4digung des Produkts) und chemiefreie Behandlung (Clean Label).<\/p>\n<p data-path-to-node=\"20\"><strong>Vorteile:<\/strong> Verl\u00e4ngerung der Haltbarkeit (Shelf-Life) der Produkte und hohe Prozesssicherheit ohne geschmackliche Ver\u00e4nderung.<\/p>\n<\/div><\/div><\/div><div class=\"fusion-panel panel-default panel-f5dacd3a6c9dcb1f5 fusion-toggle-no-divider fusion-toggle-boxed-mode\"><div class=\"panel-heading\"><h4 class=\"panel-title toggle\" id=\"toggle_f5dacd3a6c9dcb1f5\"><a aria-expanded=\"false\" aria-controls=\"f5dacd3a6c9dcb1f5\" role=\"button\" data-toggle=\"collapse\" data-target=\"#f5dacd3a6c9dcb1f5\" href=\"#f5dacd3a6c9dcb1f5\"><span class=\"fusion-toggle-icon-wrapper\" aria-hidden=\"true\"><i class=\"fa-fusion-box active-icon icon-unfold_less\" aria-hidden=\"true\"><\/i><i class=\"fa-fusion-box inactive-icon icon-add\" aria-hidden=\"true\"><\/i><\/span><span class=\"fusion-toggle-heading\">Geb\u00e4ude &amp; Hospitality<\/span><\/a><\/h4><\/div><div id=\"f5dacd3a6c9dcb1f5\" class=\"panel-collapse collapse\" aria-labelledby=\"toggle_f5dacd3a6c9dcb1f5\"><div class=\"panel-body toggle-content fusion-clearfix\">\n<p data-path-to-node=\"22\"><strong>Das Problem:<\/strong> Legionellen und Stagnation. In gro\u00dfen Geb\u00e4uden steht Wasser oft in den Leitungen (Wochenende, leerstehende Hotelzimmer). Das ist der ideale N\u00e4hrboden f\u00fcr Legionellen. Die thermische Desinfektion (Aufheizen auf &gt;60\u00b0C) verursacht enorme Energiekosten.<\/p>\n<p data-path-to-node=\"23\"><strong>Die L\u00f6sung:<\/strong> Dezentrale Desinfektion in den Zuleitungen direkt vor der Nutzung (z. B. vor der Dusche oder dem Waschbecken).<\/p>\n<p data-path-to-node=\"24\"><strong>Vorteile:<\/strong> Massive Energieeinsparung, da die Wassertemperatur im System niedriger gefahren werden kann, sowie Rechtssicherheit gegen\u00fcber der Trinkwasserverordnung.<\/p>\n<\/div><\/div><\/div><div class=\"fusion-panel panel-default panel-6e9200c6d7d4aea32 fusion-toggle-no-divider fusion-toggle-boxed-mode\"><div class=\"panel-heading\"><h4 class=\"panel-title toggle\" id=\"toggle_6e9200c6d7d4aea32\"><a aria-expanded=\"false\" aria-controls=\"6e9200c6d7d4aea32\" role=\"button\" data-toggle=\"collapse\" data-target=\"#6e9200c6d7d4aea32\" href=\"#6e9200c6d7d4aea32\"><span class=\"fusion-toggle-icon-wrapper\" aria-hidden=\"true\"><i class=\"fa-fusion-box active-icon icon-unfold_less\" aria-hidden=\"true\"><\/i><i class=\"fa-fusion-box inactive-icon icon-add\" aria-hidden=\"true\"><\/i><\/span><span class=\"fusion-toggle-heading\">Mobile Wasseraufbereitung<\/span><\/a><\/h4><\/div><div id=\"6e9200c6d7d4aea32\" class=\"panel-collapse collapse\" aria-labelledby=\"toggle_6e9200c6d7d4aea32\"><div class=\"panel-body toggle-content fusion-clearfix\">\n<p data-path-to-node=\"26\"><strong>Das Problem:<\/strong> Energieknappheit und Vibration. Strom ist in mobilen Anwendungen kostbar. Herk\u00f6mmliche UV-Lampen ben\u00f6tigen lange Aufw\u00e4rmzeiten und sind anf\u00e4llig f\u00fcr Bruch durch Ersch\u00fctterungen.<\/p>\n<p data-path-to-node=\"27\"><strong>Die L\u00f6sung:<\/strong> Instant-On\/Off: Die LED liefert sofort 100 % Leistung, sobald der Hahn aufgedreht wird, und schaltet sofort ab, wenn er geschlossen wird.<\/p>\n<p data-path-to-node=\"28\"><strong>Vorteile:<\/strong> Extrem niedriger Stromverbrauch (Batteriebetrieb m\u00f6glich) und absolute R\u00fcttelfestigkeit dank Solid-State-Technologie.<\/p>\n<\/div><\/div><\/div><\/div><\/div><\/div><\/div><\/div><\/div><\/p>","protected":false},"excerpt":{"rendered":"","protected":false},"author":1,"featured_media":0,"parent":0,"menu_order":0,"comment_status":"closed","ping_status":"closed","template":"100-width.php","meta":{"footnotes":""},"class_list":["post-3790","page","type-page","status-publish","hentry"],"_links":{"self":[{"href":"https:\/\/uv-c.tech\/de\/wp-json\/wp\/v2\/pages\/3790","targetHints":{"allow":["GET"]}}],"collection":[{"href":"https:\/\/uv-c.tech\/de\/wp-json\/wp\/v2\/pages"}],"about":[{"href":"https:\/\/uv-c.tech\/de\/wp-json\/wp\/v2\/types\/page"}],"author":[{"embeddable":true,"href":"https:\/\/uv-c.tech\/de\/wp-json\/wp\/v2\/users\/1"}],"replies":[{"embeddable":true,"href":"https:\/\/uv-c.tech\/de\/wp-json\/wp\/v2\/comments?post=3790"}],"version-history":[{"count":66,"href":"https:\/\/uv-c.tech\/de\/wp-json\/wp\/v2\/pages\/3790\/revisions"}],"predecessor-version":[{"id":4045,"href":"https:\/\/uv-c.tech\/de\/wp-json\/wp\/v2\/pages\/3790\/revisions\/4045"}],"wp:attachment":[{"href":"https:\/\/uv-c.tech\/de\/wp-json\/wp\/v2\/media?parent=3790"}],"curies":[{"name":"wp","href":"https:\/\/api.w.org\/{rel}","templated":true}]}}