{"id":4013,"date":"2026-01-13T11:52:02","date_gmt":"2026-01-13T10:52:02","guid":{"rendered":"https:\/\/uv-c.tech\/?page_id=4013"},"modified":"2026-01-16T08:54:18","modified_gmt":"2026-01-16T07:54:18","slug":"about-us","status":"publish","type":"page","link":"https:\/\/uv-c.tech\/de\/about-us\/","title":{"rendered":"\u00dcber uns"},"content":{"rendered":"<div class=\"fusion-fullwidth fullwidth-box fusion-builder-row-1 fusion-flex-container nonhundred-percent-fullwidth non-hundred-percent-height-scrolling\" style=\"--awb-border-sizes-top:0px;--awb-border-sizes-bottom:0px;--awb-border-sizes-left:0px;--awb-border-sizes-right:0px;--awb-border-radius-top-left:10px;--awb-border-radius-top-right:10px;--awb-border-radius-bottom-right:10px;--awb-border-radius-bottom-left:10px;--awb-overflow:hidden;--awb-padding-top:2%;--awb-padding-right:30px;--awb-padding-bottom:2%;--awb-padding-left:30px;--awb-padding-right-medium:60px;--awb-padding-left-medium:60px;--awb-padding-top-small:90px;--awb-padding-right-small:90px;--awb-padding-bottom-small:90px;--awb-padding-left-small:90px;--awb-margin-top:0px;--awb-margin-bottom:0px;--awb-background-color:rgba(0,106,176,0.1);--awb-flex-wrap:wrap;\" ><div class=\"fusion-builder-row fusion-row fusion-flex-align-items-stretch fusion-flex-content-wrap\" style=\"max-width:1497.6px;margin-left: calc(-4% \/ 2 );margin-right: calc(-4% \/ 2 );\"><div class=\"fusion-layout-column fusion_builder_column fusion-builder-column-0 fusion_builder_column_1_3 1_3 fusion-flex-column fusion-flex-align-self-flex-start fusion-animated\" style=\"--awb-padding-top:15px;--awb-padding-right:15px;--awb-padding-bottom:15px;--awb-padding-left:15px;--awb-padding-right-medium:54px;--awb-overflow:hidden;--awb-bg-color:rgba(255,255,255,0);--awb-bg-color-hover:rgba(255,255,255,0);--awb-bg-size:cover;--awb-border-radius:10px 10px 10px 10px;--awb-width-large:33.333333333333%;--awb-margin-top-large:0px;--awb-spacing-right-large:2.88%;--awb-margin-bottom-large:0px;--awb-spacing-left-large:5.76%;--awb-width-medium:50%;--awb-spacing-right-medium:0%;--awb-spacing-left-medium:7.68%;--awb-width-small:100%;--awb-order-small:0;--awb-spacing-right-small:1.92%;--awb-margin-bottom-small:34px;--awb-spacing-left-small:1.92%;\" data-animationtype=\"fadeInRight\" data-animationduration=\"1.6\" data-animationoffset=\"top-into-view\"><div class=\"fusion-column-wrapper fusion-column-has-shadow fusion-flex-justify-content-flex-start fusion-content-layout-column\"><div class=\"fusion-title title fusion-title-1 fusion-sep-none fusion-title-text fusion-title-size-one\" style=\"--awb-text-color:var(--awb-color8);--awb-margin-right:0px;--awb-margin-bottom:25px;--awb-margin-left:0px;--awb-margin-top-small:10px;--awb-margin-right-small:0px;--awb-margin-bottom-small:10px;--awb-margin-left-small:0px;--awb-text-stroke-size:0px;--awb-text-stroke-color:var(--awb-color1);--awb-font-size:6.5rem;\"><h1 class=\"fusion-title-heading title-heading-left fusion-responsive-typography-calculated\" style=\"margin:0;font-size:1em;--fontSize:123.5;line-height:0.76;\">\u00dcber uns<\/h1><\/div><div class=\"fusion-text fusion-text-1 fusion-text-no-margin\" style=\"--awb-margin-bottom:25px;\"><p>Im Jahr 2020 geh\u00f6rten wir weltweit zu den ersten Unternehmen, die eine UV-C LED Wasserdesinfektionseinheit f\u00fcr den mobilen Einsatz auf den Markt brachten. Wir haben Pionierarbeit bei der Entwicklung einer gebrauchsfertigen, anwenderfreundlichen L\u00f6sung geleistet, die chemiefreie Wasseraufbereitung f\u00fcr jeden zug\u00e4nglich gemacht hat.<\/p>\n<p>Unsere bahnbrechende Innovation, ausgezeichnet mit dem German Innovation Award, setzt weiterhin neue Ma\u00dfst\u00e4be in puncto Effizienz, Nachhaltigkeit und Zuverl\u00e4ssigkeit.<\/p>\n<\/div><div class=\"fusion-builder-row fusion-builder-row-inner fusion-row fusion-flex-align-items-center fusion-flex-align-content-center fusion-flex-content-wrap\" style=\"--awb-min-height:no;--awb-min-height-medium:no;--awb-min-height-small:no;width:104% !important;max-width:104% !important;margin-left: calc(-4% \/ 2 );margin-right: calc(-4% \/ 2 );\"><div class=\"fusion-layout-column fusion_builder_column_inner fusion-builder-nested-column-0 fusion_builder_column_inner_1_3 1_3 fusion-flex-column\" style=\"--awb-bg-size:cover;--awb-width-large:33.333333333333%;--awb-margin-top-large:0px;--awb-spacing-right-large:5.76%;--awb-margin-bottom-large:20px;--awb-spacing-left-large:5.76%;--awb-width-medium:33.333333333333%;--awb-order-medium:0;--awb-spacing-right-medium:5.76%;--awb-spacing-left-medium:5.76%;--awb-width-small:100%;--awb-order-small:0;--awb-spacing-right-small:1.92%;--awb-spacing-left-small:1.92%;\"><div class=\"fusion-column-wrapper fusion-column-has-shadow fusion-flex-justify-content-center fusion-content-layout-column\"><div class=\"fusion-image-element\" style=\"--awb-max-width:80px;--awb-caption-title-font-family:var(--h2_typography-font-family);--awb-caption-title-font-weight:var(--h2_typography-font-weight);--awb-caption-title-font-style:var(--h2_typography-font-style);--awb-caption-title-size:var(--h2_typography-font-size);--awb-caption-title-transform:var(--h2_typography-text-transform);--awb-caption-title-line-height:var(--h2_typography-line-height);--awb-caption-title-letter-spacing:var(--h2_typography-letter-spacing);\"><span class=\"fusion-imageframe imageframe-none imageframe-1 hover-type-none\" style=\"border-radius:10px;\"><img decoding=\"async\" width=\"100\" height=\"100\" title=\"logo-partner-1\" src=\"data:image\/svg+xml,%3Csvg%20xmlns%3D%27http%3A%2F%2Fwww.w3.org%2F2000%2Fsvg%27%20width%3D%27100%27%20height%3D%27100%27%20viewBox%3D%270%200%20100%20100%27%3E%3Crect%20width%3D%27100%27%20height%3D%27100%27%20fill-opacity%3D%220%22%2F%3E%3C%2Fsvg%3E\" data-orig-src=\"https:\/\/uv-c.tech\/wp-content\/uploads\/2025\/03\/logo-partner-1.svg\" alt class=\"lazyload img-responsive wp-image-2092\"\/><\/span><\/div><\/div><\/div><div class=\"fusion-layout-column fusion_builder_column_inner fusion-builder-nested-column-1 fusion_builder_column_inner_1_3 1_3 fusion-flex-column\" style=\"--awb-bg-size:cover;--awb-width-large:33.333333333333%;--awb-margin-top-large:0px;--awb-spacing-right-large:5.76%;--awb-margin-bottom-large:20px;--awb-spacing-left-large:5.76%;--awb-width-medium:33.333333333333%;--awb-order-medium:0;--awb-spacing-right-medium:5.76%;--awb-spacing-left-medium:5.76%;--awb-width-small:100%;--awb-order-small:0;--awb-spacing-right-small:1.92%;--awb-spacing-left-small:1.92%;\"><div class=\"fusion-column-wrapper fusion-column-has-shadow fusion-flex-justify-content-center fusion-content-layout-row\"><div class=\"fusion-image-element\" style=\"--awb-max-width:100px;--awb-caption-title-font-family:var(--h2_typography-font-family);--awb-caption-title-font-weight:var(--h2_typography-font-weight);--awb-caption-title-font-style:var(--h2_typography-font-style);--awb-caption-title-size:var(--h2_typography-font-size);--awb-caption-title-transform:var(--h2_typography-text-transform);--awb-caption-title-line-height:var(--h2_typography-line-height);--awb-caption-title-letter-spacing:var(--h2_typography-letter-spacing);\"><span class=\"fusion-imageframe imageframe-none imageframe-2 hover-type-none\" style=\"border-radius:10px;\"><img decoding=\"async\" width=\"100\" height=\"100\" title=\"logo-partner-2\" src=\"data:image\/svg+xml,%3Csvg%20xmlns%3D%27http%3A%2F%2Fwww.w3.org%2F2000%2Fsvg%27%20width%3D%27100%27%20height%3D%27100%27%20viewBox%3D%270%200%20100%20100%27%3E%3Crect%20width%3D%27100%27%20height%3D%27100%27%20fill-opacity%3D%220%22%2F%3E%3C%2Fsvg%3E\" data-orig-src=\"https:\/\/uv-c.tech\/wp-content\/uploads\/2025\/03\/logo-partner-2.svg\" alt class=\"lazyload img-responsive wp-image-2093\"\/><\/span><\/div><\/div><\/div><div class=\"fusion-layout-column fusion_builder_column_inner fusion-builder-nested-column-2 fusion_builder_column_inner_1_3 1_3 fusion-flex-column\" style=\"--awb-bg-size:cover;--awb-width-large:33.333333333333%;--awb-margin-top-large:0px;--awb-spacing-right-large:5.76%;--awb-margin-bottom-large:20px;--awb-spacing-left-large:5.76%;--awb-width-medium:33.333333333333%;--awb-order-medium:0;--awb-spacing-right-medium:5.76%;--awb-spacing-left-medium:5.76%;--awb-width-small:100%;--awb-order-small:0;--awb-spacing-right-small:1.92%;--awb-spacing-left-small:1.92%;\"><div class=\"fusion-column-wrapper fusion-column-has-shadow fusion-flex-justify-content-center fusion-content-layout-column\"><div class=\"fusion-image-element\" style=\"--awb-max-width:100px;--awb-caption-title-font-family:var(--h2_typography-font-family);--awb-caption-title-font-weight:var(--h2_typography-font-weight);--awb-caption-title-font-style:var(--h2_typography-font-style);--awb-caption-title-size:var(--h2_typography-font-size);--awb-caption-title-transform:var(--h2_typography-text-transform);--awb-caption-title-line-height:var(--h2_typography-line-height);--awb-caption-title-letter-spacing:var(--h2_typography-letter-spacing);\"><span class=\"fusion-imageframe imageframe-none imageframe-3 hover-type-none\" style=\"border-radius:10px;\"><img decoding=\"async\" width=\"3000\" height=\"978\" title=\"GWP-TDC4-M-Logo\" src=\"https:\/\/uv-c.tech\/wp-content\/uploads\/2025\/03\/GWP-TDC4-M-Logo.png\" data-orig-src=\"https:\/\/uv-c.tech\/wp-content\/uploads\/2025\/03\/GWP-TDC4-M-Logo.png\" alt class=\"lazyload img-responsive wp-image-2140\" srcset=\"data:image\/svg+xml,%3Csvg%20xmlns%3D%27http%3A%2F%2Fwww.w3.org%2F2000%2Fsvg%27%20width%3D%273000%27%20height%3D%27978%27%20viewBox%3D%270%200%203000%20978%27%3E%3Crect%20width%3D%273000%27%20height%3D%27978%27%20fill-opacity%3D%220%22%2F%3E%3C%2Fsvg%3E\" data-srcset=\"https:\/\/uv-c.tech\/wp-content\/uploads\/2025\/03\/GWP-TDC4-M-Logo-200x65.png 200w, https:\/\/uv-c.tech\/wp-content\/uploads\/2025\/03\/GWP-TDC4-M-Logo-400x130.png 400w, https:\/\/uv-c.tech\/wp-content\/uploads\/2025\/03\/GWP-TDC4-M-Logo-600x196.png 600w, https:\/\/uv-c.tech\/wp-content\/uploads\/2025\/03\/GWP-TDC4-M-Logo-800x261.png 800w, https:\/\/uv-c.tech\/wp-content\/uploads\/2025\/03\/GWP-TDC4-M-Logo-1200x391.png 1200w, https:\/\/uv-c.tech\/wp-content\/uploads\/2025\/03\/GWP-TDC4-M-Logo.png 3000w\" data-sizes=\"auto\" data-orig-sizes=\"(max-width: 640px) 100vw, 600px\" \/><\/span><\/div><\/div><\/div><\/div><\/div><\/div><div class=\"fusion-layout-column fusion_builder_column fusion-builder-column-1 fusion_builder_column_2_3 2_3 fusion-flex-column\" style=\"--awb-padding-top:10px;--awb-padding-right:10px;--awb-padding-bottom:10px;--awb-padding-left:10px;--awb-bg-color:var(--awb-custom_color_3);--awb-bg-color-hover:var(--awb-custom_color_3);--awb-bg-size:cover;--awb-width-large:66.666666666667%;--awb-margin-top-large:0px;--awb-spacing-right-large:0%;--awb-margin-bottom-large:20px;--awb-spacing-left-large:0%;--awb-width-medium:66.666666666667%;--awb-order-medium:0;--awb-spacing-right-medium:0%;--awb-spacing-left-medium:0%;--awb-width-small:100%;--awb-order-small:0;--awb-spacing-right-small:1.92%;--awb-spacing-left-small:1.92%;\"><div class=\"fusion-column-wrapper fusion-column-has-shadow fusion-flex-justify-content-center fusion-content-layout-column\"><div class=\"fusion-builder-row fusion-builder-row-inner fusion-row fusion-flex-align-items-flex-start fusion-flex-align-content-flex-start fusion-flex-justify-content-space-evenly fusion-flex-content-wrap\" style=\"--awb-min-height:no;--awb-min-height-medium:no;--awb-min-height-small:no;width:104% !important;max-width:104% !important;margin-left: calc(-4% \/ 2 );margin-right: calc(-4% \/ 2 );\"><div class=\"fusion-layout-column fusion_builder_column_inner fusion-builder-nested-column-3 fusion_builder_column_inner_1_3 1_3 fusion-flex-column\" style=\"--awb-bg-size:cover;--awb-width-large:33.333333333333%;--awb-margin-top-large:0px;--awb-spacing-right-large:5.76%;--awb-margin-bottom-large:20px;--awb-spacing-left-large:5.76%;--awb-width-medium:33.333333333333%;--awb-order-medium:0;--awb-spacing-right-medium:5.76%;--awb-spacing-left-medium:5.76%;--awb-width-small:100%;--awb-order-small:0;--awb-spacing-right-small:1.92%;--awb-spacing-left-small:1.92%;\"><div class=\"fusion-column-wrapper fusion-column-has-shadow fusion-flex-justify-content-center fusion-content-layout-column\"><div class=\"fusion-person person fusion-person-left fusion-person-1 fusion-person-icon-top\" style=\"--awb-pic-style-color:var(--awb-color5);--awb-pic-borderradius:10px;--awb-margin-top:0px;--awb-margin-right:0px;--awb-margin-bottom:0px;--awb-margin-left:0px;--awb-social-box-border-top:0px;--awb-social-box-border-right:0px;--awb-social-box-border-bottom:0px;--awb-social-box-border-left:0px;--awb-social-box-border-color:var(--awb-color3);--awb-social-box-border-color-hover:var(--awb-color4);--awb-social-box-colors-hover:var(--awb-color1);--awb-social-icon-boxed-colors:var(--awb-color2);--awb-social-icon-colors:var(--awb-color8);--awb-social-icon-colors-hover:var(--awb-color5);\"><div class=\"person-shortcode-image-wrapper\"><div class=\"person-image-container hover-type-zoomin person-rounded-overflow\" style=\"-webkit-border-radius:10px;-moz-border-radius:10px;border-radius:10px;border:0px solid var(--awb-color3);-webkit-border-radius:10px;-moz-border-radius:10px;border-radius:10px;\"><img decoding=\"async\" class=\"lazyload person-img img-responsive wp-image-2344\" width=\"3456\" height=\"3725\" src=\"https:\/\/uv-c.tech\/wp-content\/uploads\/2025\/03\/MW.png\" data-orig-src=\"https:\/\/uv-c.tech\/wp-content\/uploads\/2025\/03\/MW.png\" alt=\"Michael W\u00fcrtemberger\" srcset=\"data:image\/svg+xml,%3Csvg%20xmlns%3D%27http%3A%2F%2Fwww.w3.org%2F2000%2Fsvg%27%20width%3D%273456%27%20height%3D%273725%27%20viewBox%3D%270%200%203456%203725%27%3E%3Crect%20width%3D%273456%27%20height%3D%273725%27%20fill-opacity%3D%220%22%2F%3E%3C%2Fsvg%3E\" data-srcset=\"https:\/\/uv-c.tech\/wp-content\/uploads\/2025\/03\/MW-200x216.png 200w, https:\/\/uv-c.tech\/wp-content\/uploads\/2025\/03\/MW-400x431.png 400w, https:\/\/uv-c.tech\/wp-content\/uploads\/2025\/03\/MW-600x647.png 600w, https:\/\/uv-c.tech\/wp-content\/uploads\/2025\/03\/MW-800x862.png 800w, https:\/\/uv-c.tech\/wp-content\/uploads\/2025\/03\/MW-1200x1293.png 1200w, https:\/\/uv-c.tech\/wp-content\/uploads\/2025\/03\/MW.png 3456w\" data-sizes=\"auto\" data-orig-sizes=\"(max-width: 640px) 100vw, 600px\" \/><\/div><\/div><div class=\"person-desc\"><div class=\"person-author\"><div class=\"person-author-wrapper\"><span class=\"person-name\">Michael W\u00fcrtemberger<\/span><span class=\"person-title\"><\/span><\/div><\/div><div class=\"person-content fusion-clearfix\">Gr\u00fcnder &amp; Gesch\u00e4ftsf\u00fchrer<br \/>\nWM aquatec GmbH &amp; Co.KG<\/div><\/div><\/div><\/div><\/div><div class=\"fusion-layout-column fusion_builder_column_inner fusion-builder-nested-column-4 fusion_builder_column_inner_1_3 1_3 fusion-flex-column\" style=\"--awb-bg-size:cover;--awb-width-large:33.333333333333%;--awb-margin-top-large:0px;--awb-spacing-right-large:5.76%;--awb-margin-bottom-large:20px;--awb-spacing-left-large:5.76%;--awb-width-medium:33.333333333333%;--awb-order-medium:0;--awb-spacing-right-medium:5.76%;--awb-spacing-left-medium:5.76%;--awb-width-small:100%;--awb-order-small:0;--awb-spacing-right-small:1.92%;--awb-spacing-left-small:1.92%;\"><div class=\"fusion-column-wrapper fusion-column-has-shadow fusion-flex-justify-content-center fusion-content-layout-row\"><div class=\"fusion-person person fusion-person-left fusion-person-2 fusion-person-icon-top\" style=\"--awb-pic-style-color:var(--awb-color8);--awb-pic-borderradius:10px;--awb-margin-top:0px;--awb-margin-right:0px;--awb-margin-bottom:0px;--awb-margin-left:0px;--awb-social-box-border-top:0px;--awb-social-box-border-right:0px;--awb-social-box-border-bottom:0px;--awb-social-box-border-left:0px;--awb-social-box-border-color:var(--awb-color3);--awb-social-box-border-color-hover:var(--awb-color4);--awb-social-box-colors-hover:var(--awb-color1);--awb-social-icon-boxed-colors:var(--awb-color2);--awb-social-icon-colors:var(--awb-color8);--awb-social-icon-colors-hover:var(--awb-color5);\"><div class=\"person-shortcode-image-wrapper\"><div class=\"person-image-container hover-type-zoomin person-rounded-overflow\" style=\"-webkit-border-radius:10px;-moz-border-radius:10px;border-radius:10px;border:0px solid var(--awb-color3);-webkit-border-radius:10px;-moz-border-radius:10px;border-radius:10px;\"><img decoding=\"async\" class=\"lazyload person-img img-responsive wp-image-2345\" width=\"3456\" height=\"3725\" src=\"https:\/\/uv-c.tech\/wp-content\/uploads\/2025\/03\/SW.png\" data-orig-src=\"https:\/\/uv-c.tech\/wp-content\/uploads\/2025\/03\/SW.png\" alt=\"Stephan W\u00fcrtemberger\" srcset=\"data:image\/svg+xml,%3Csvg%20xmlns%3D%27http%3A%2F%2Fwww.w3.org%2F2000%2Fsvg%27%20width%3D%273456%27%20height%3D%273725%27%20viewBox%3D%270%200%203456%203725%27%3E%3Crect%20width%3D%273456%27%20height%3D%273725%27%20fill-opacity%3D%220%22%2F%3E%3C%2Fsvg%3E\" data-srcset=\"https:\/\/uv-c.tech\/wp-content\/uploads\/2025\/03\/SW-200x216.png 200w, https:\/\/uv-c.tech\/wp-content\/uploads\/2025\/03\/SW-400x431.png 400w, https:\/\/uv-c.tech\/wp-content\/uploads\/2025\/03\/SW-600x647.png 600w, https:\/\/uv-c.tech\/wp-content\/uploads\/2025\/03\/SW-800x862.png 800w, https:\/\/uv-c.tech\/wp-content\/uploads\/2025\/03\/SW-1200x1293.png 1200w, https:\/\/uv-c.tech\/wp-content\/uploads\/2025\/03\/SW.png 3456w\" data-sizes=\"auto\" data-orig-sizes=\"(max-width: 640px) 100vw, 600px\" \/><\/div><\/div><div class=\"person-desc\"><div class=\"person-author\"><div class=\"person-author-wrapper\"><span class=\"person-name\">Stephan W\u00fcrtemberger<\/span><span class=\"person-title\"><\/span><\/div><\/div><div class=\"person-content fusion-clearfix\">Gr\u00fcnder &amp; Gesch\u00e4ftsf\u00fchrer<br \/>\nWM aquatec GmbH &amp; Co.KG<\/div><\/div><\/div><\/div><\/div><div class=\"fusion-layout-column fusion_builder_column_inner fusion-builder-nested-column-5 fusion_builder_column_inner_1_3 1_3 fusion-flex-column\" style=\"--awb-bg-size:cover;--awb-width-large:33.333333333333%;--awb-margin-top-large:0px;--awb-spacing-right-large:5.76%;--awb-margin-bottom-large:20px;--awb-spacing-left-large:5.76%;--awb-width-medium:33.333333333333%;--awb-order-medium:0;--awb-spacing-right-medium:5.76%;--awb-spacing-left-medium:5.76%;--awb-width-small:100%;--awb-order-small:0;--awb-spacing-right-small:1.92%;--awb-spacing-left-small:1.92%;\"><div class=\"fusion-column-wrapper fusion-column-has-shadow fusion-flex-justify-content-center fusion-content-layout-column\"><div class=\"fusion-person person fusion-person-left fusion-person-3 fusion-person-icon-top\" style=\"--awb-pic-style-color:var(--awb-color8);--awb-pic-borderradius:10px;--awb-margin-top:0px;--awb-margin-right:0px;--awb-margin-bottom:0px;--awb-margin-left:0px;--awb-social-box-border-top:0px;--awb-social-box-border-right:0px;--awb-social-box-border-bottom:0px;--awb-social-box-border-left:0px;--awb-social-box-border-color:var(--awb-color3);--awb-social-box-border-color-hover:var(--awb-color4);--awb-social-box-colors-hover:var(--awb-color1);--awb-social-icon-boxed-colors:var(--awb-color2);--awb-social-icon-colors:var(--awb-color8);--awb-social-icon-colors-hover:var(--awb-color5);\"><div class=\"person-shortcode-image-wrapper\"><div class=\"person-image-container hover-type-zoomin person-rounded-overflow\" style=\"-webkit-border-radius:10px;-moz-border-radius:10px;border-radius:10px;border:0px solid var(--awb-color3);-webkit-border-radius:10px;-moz-border-radius:10px;border-radius:10px;\"><img decoding=\"async\" class=\"lazyload person-img img-responsive wp-image-2346\" width=\"3456\" height=\"3725\" src=\"https:\/\/uv-c.tech\/wp-content\/uploads\/2025\/03\/HR.png\" data-orig-src=\"https:\/\/uv-c.tech\/wp-content\/uploads\/2025\/03\/HR.png\" alt=\"Hannes Runknagel\" srcset=\"data:image\/svg+xml,%3Csvg%20xmlns%3D%27http%3A%2F%2Fwww.w3.org%2F2000%2Fsvg%27%20width%3D%273456%27%20height%3D%273725%27%20viewBox%3D%270%200%203456%203725%27%3E%3Crect%20width%3D%273456%27%20height%3D%273725%27%20fill-opacity%3D%220%22%2F%3E%3C%2Fsvg%3E\" data-srcset=\"https:\/\/uv-c.tech\/wp-content\/uploads\/2025\/03\/HR-200x216.png 200w, https:\/\/uv-c.tech\/wp-content\/uploads\/2025\/03\/HR-400x431.png 400w, https:\/\/uv-c.tech\/wp-content\/uploads\/2025\/03\/HR-600x647.png 600w, https:\/\/uv-c.tech\/wp-content\/uploads\/2025\/03\/HR-800x862.png 800w, https:\/\/uv-c.tech\/wp-content\/uploads\/2025\/03\/HR-1200x1293.png 1200w, https:\/\/uv-c.tech\/wp-content\/uploads\/2025\/03\/HR.png 3456w\" data-sizes=\"auto\" data-orig-sizes=\"(max-width: 640px) 100vw, 600px\" \/><\/div><\/div><div class=\"person-desc\"><div class=\"person-author\"><div class=\"person-author-wrapper\"><span class=\"person-name\">Hannes Runknagel<\/span><span class=\"person-title\"><\/span><\/div><\/div><div class=\"person-content fusion-clearfix\">Gesch\u00e4ftsf\u00fchrer<br \/>\nSilvertex USA LP<\/div><\/div><\/div><\/div><\/div><\/div><\/div><\/div><div class=\"fusion-layout-column fusion_builder_column fusion-builder-column-2 fusion_builder_column_1_1 1_1 fusion-flex-column\" style=\"--awb-bg-size:cover;--awb-width-large:100%;--awb-margin-top-large:0px;--awb-spacing-right-large:1.92%;--awb-margin-bottom-large:20px;--awb-spacing-left-large:1.92%;--awb-width-medium:100%;--awb-order-medium:0;--awb-spacing-right-medium:1.92%;--awb-spacing-left-medium:1.92%;--awb-width-small:100%;--awb-order-small:0;--awb-spacing-right-small:1.92%;--awb-spacing-left-small:1.92%;\"><div class=\"fusion-column-wrapper fusion-column-has-shadow fusion-flex-justify-content-flex-start fusion-content-layout-column\"><div class=\"fusion-title title fusion-title-2 fusion-sep-none fusion-title-text fusion-title-size-three\"><h3 class=\"fusion-title-heading title-heading-left fusion-responsive-typography-calculated\" style=\"margin:0;--fontSize:48;line-height:1;\">Setzen Sie auf UV-C Einheiten von WM aquatec!<\/h3><\/div><div class=\"fusion-text fusion-text-2\"><p>UV-C LED Desinfektionseinheiten von WM aquatec bestechen durch kompakte Reaktoren, sofortige Wirkung\/Verf\u00fcgbarkeit der erforderlichen Dosis, taktbetriebenen Bedarfsmodus und sind ohne sch\u00e4dliches Quecksilber. Ihr gr\u00f6\u00dfter Vorteil liegt in der Miniaturisierung: Durch ihre Kompaktheit erm\u00f6glichen sie auch batteriebetriebene Systeme, die speziell im mobilen Bereich eine wirkliche Bereicherung darstellen. Das macht sie ideal f\u00fcr Nachr\u00fcstungen (Retrofit-L\u00f6sungen), kleine Volumina oder sensible Anwendungen.<\/p>\n<p>Niederdruck- oder Mitteldruckdampflampen sind am Markt zwar noch existent, werden jedoch in der Zukunft (sehr wahrscheinlich) durch regulatorische Bestimmungen stark begrenzt eingesetzt werden, wenn nicht gar verboten. Beide UV-Technologien erzeugen keimt\u00f6tende Strahlung, jedoch mit unterschiedlichem Charakter. Mitteldrucklampen senden ein breites Spektrum von UV-C bis sichtbares Licht aus und erreichen sehr hohe Intensit\u00e4ten \u2013 ideal f\u00fcr gro\u00dfe Wassermengen in kurzer Zeit. Ihr Nachteil: Hoher Energieverbrauch, starke W\u00e4rmeentwicklung sowie eine begrenzte Lebensdauer, was bei kompakten, mobilen Anwendungen oft nachteilig ist.<\/p>\n<p>UV-C LEDs hingegen strahlen in einem sehr schmalen, hochwirksamen Bereich (typischerweise 265\u2013280 nm), sind \u00e4u\u00dferst energieeffizient, schaltfest (unbegrenzte Schaltzyklen) und praktisch wartungsfrei.<\/p>\n<\/div><\/div><\/div><\/div><\/div>","protected":false},"excerpt":{"rendered":"","protected":false},"author":1,"featured_media":0,"parent":0,"menu_order":0,"comment_status":"closed","ping_status":"closed","template":"100-width.php","meta":{"footnotes":""},"class_list":["post-4013","page","type-page","status-publish","hentry"],"_links":{"self":[{"href":"https:\/\/uv-c.tech\/de\/wp-json\/wp\/v2\/pages\/4013","targetHints":{"allow":["GET"]}}],"collection":[{"href":"https:\/\/uv-c.tech\/de\/wp-json\/wp\/v2\/pages"}],"about":[{"href":"https:\/\/uv-c.tech\/de\/wp-json\/wp\/v2\/types\/page"}],"author":[{"embeddable":true,"href":"https:\/\/uv-c.tech\/de\/wp-json\/wp\/v2\/users\/1"}],"replies":[{"embeddable":true,"href":"https:\/\/uv-c.tech\/de\/wp-json\/wp\/v2\/comments?post=4013"}],"version-history":[{"count":12,"href":"https:\/\/uv-c.tech\/de\/wp-json\/wp\/v2\/pages\/4013\/revisions"}],"predecessor-version":[{"id":4064,"href":"https:\/\/uv-c.tech\/de\/wp-json\/wp\/v2\/pages\/4013\/revisions\/4064"}],"wp:attachment":[{"href":"https:\/\/uv-c.tech\/de\/wp-json\/wp\/v2\/media?parent=4013"}],"curies":[{"name":"wp","href":"https:\/\/api.w.org\/{rel}","templated":true}]}}